{"id":176,"date":"2022-06-03T14:33:54","date_gmt":"2022-06-03T17:33:54","guid":{"rendered":"http:\/\/bombinhasdayrun.com.br\/?page_id=176"},"modified":"2022-06-03T14:41:51","modified_gmt":"2022-06-03T17:41:51","slug":"politica-de-privacidade","status":"publish","type":"page","link":"https:\/\/bombinhasdayrun.com.br\/index.php\/politica-de-privacidade\/","title":{"rendered":"Pol\u00edtica de privacidade"},"content":{"rendered":"\t\t<div data-elementor-type=\"wp-page\" data-elementor-id=\"176\" class=\"elementor elementor-176\">\n\t\t\t\t\t\t\t\t\t<section class=\"elementor-section elementor-top-section elementor-element elementor-element-f604942 elementor-section-boxed elementor-section-height-default elementor-section-height-default\" data-id=\"f604942\" data-element_type=\"section\">\n\t\t\t\t\t\t<div class=\"elementor-container elementor-column-gap-default\">\n\t\t\t\t\t<div class=\"elementor-column elementor-col-100 elementor-top-column elementor-element elementor-element-cd49d41\" data-id=\"cd49d41\" data-element_type=\"column\">\n\t\t\t<div class=\"elementor-widget-wrap elementor-element-populated\">\n\t\t\t\t\t\t\t\t<div class=\"elementor-element elementor-element-3fd28ba elementor-widget elementor-widget-heading\" data-id=\"3fd28ba\" data-element_type=\"widget\" data-widget_type=\"heading.default\">\n\t\t\t\t<div class=\"elementor-widget-container\">\n\t\t\t<style>\/*! elementor - v3.10.1 - 17-01-2023 *\/\n.elementor-heading-title{padding:0;margin:0;line-height:1}.elementor-widget-heading .elementor-heading-title[class*=elementor-size-]>a{color:inherit;font-size:inherit;line-height:inherit}.elementor-widget-heading .elementor-heading-title.elementor-size-small{font-size:15px}.elementor-widget-heading .elementor-heading-title.elementor-size-medium{font-size:19px}.elementor-widget-heading .elementor-heading-title.elementor-size-large{font-size:29px}.elementor-widget-heading .elementor-heading-title.elementor-size-xl{font-size:39px}.elementor-widget-heading .elementor-heading-title.elementor-size-xxl{font-size:59px}<\/style><h1 class=\"elementor-heading-title elementor-size-default\">Pol\u00edtica de privacidade<\/h1>\t\t<\/div>\n\t\t\t\t<\/div>\n\t\t\t\t\t<\/div>\n\t\t<\/div>\n\t\t\t\t\t\t\t<\/div>\n\t\t<\/section>\n\t\t\t\t<section class=\"elementor-section elementor-top-section elementor-element elementor-element-6a117ca elementor-section-boxed elementor-section-height-default elementor-section-height-default\" data-id=\"6a117ca\" data-element_type=\"section\">\n\t\t\t\t\t\t<div class=\"elementor-container elementor-column-gap-default\">\n\t\t\t\t\t<div class=\"elementor-column elementor-col-100 elementor-top-column elementor-element elementor-element-3a6d2d3\" data-id=\"3a6d2d3\" data-element_type=\"column\">\n\t\t\t<div class=\"elementor-widget-wrap elementor-element-populated\">\n\t\t\t\t\t\t\t\t<div class=\"elementor-element elementor-element-5bcf788 elementor-widget elementor-widget-text-editor\" data-id=\"5bcf788\" data-element_type=\"widget\" data-widget_type=\"text-editor.default\">\n\t\t\t\t<div class=\"elementor-widget-container\">\n\t\t\t<style>\/*! elementor - v3.10.1 - 17-01-2023 *\/\n.elementor-widget-text-editor.elementor-drop-cap-view-stacked .elementor-drop-cap{background-color:#818a91;color:#fff}.elementor-widget-text-editor.elementor-drop-cap-view-framed .elementor-drop-cap{color:#818a91;border:3px solid;background-color:transparent}.elementor-widget-text-editor:not(.elementor-drop-cap-view-default) .elementor-drop-cap{margin-top:8px}.elementor-widget-text-editor:not(.elementor-drop-cap-view-default) .elementor-drop-cap-letter{width:1em;height:1em}.elementor-widget-text-editor .elementor-drop-cap{float:left;text-align:center;line-height:1;font-size:50px}.elementor-widget-text-editor .elementor-drop-cap-letter{display:inline-block}<\/style>\t\t\t\t<h2><br><\/h2>\n<p><font style=\"vertical-align: inherit;\"><font style=\"vertical-align: inherit;\">A sua privacidade \u00e9 importante para n\u00f3s. <\/font><font style=\"vertical-align: inherit;\">\u00c9 pol\u00edtica do Bombinhas Day Run respeitar a qualquer informa\u00e7\u00e3o sua que tenha privacidade no site&nbsp; <\/font><\/font><a href=\"https:\/\/politicaprivacidade.com\/bombinhasdayrun.com.br\"><font style=\"vertical-align: inherit;\"><font style=\"vertical-align: inherit;\">Bombinhas Day Run<\/font><\/font><\/a><font style=\"vertical-align: inherit;\"><font style=\"vertical-align: inherit;\"> e outros sites que possu\u00edmos e operamos.<\/font><\/font><\/p>\n<p><font style=\"vertical-align: inherit;\"><font style=\"vertical-align: inherit;\">Solicitamos informa\u00e7\u00f5es pessoais apenas quando realmente precisamos fornecer um servi\u00e7o. <\/font><font style=\"vertical-align: inherit;\">Fazemo-lo por meios justos e legais, com o seu conhecimento e consentimento. <\/font><font style=\"vertical-align: inherit;\">Tamb\u00e9m informamos por que estamos coletando e como ser\u00e1 usado.<\/font><\/font><\/p>\n<p><font style=\"vertical-align: inherit;\"><font style=\"vertical-align: inherit;\">Apenas retemos as informa\u00e7\u00f5es coletadas pelo tempo necess\u00e1rio para fornecer o servi\u00e7o solicitado. <\/font><font style=\"vertical-align: inherit;\">Quando armazenamos dentro de meios comerciais protegidos, bem como divulgamos dentro de meios comerciais e seguros, bem como acesso, c\u00f3pia, uso n\u00e3o autorizados.<\/font><\/font><\/p>\n<p><font style=\"vertical-align: inherit;\"><font style=\"vertical-align: inherit;\">N\u00e3o compartilhamos informa\u00e7\u00f5es de identifica\u00e7\u00e3o pessoal ou com terceiros, exceto quando exigido por lei.<\/font><\/font><\/p>\n<p><font style=\"vertical-align: inherit;\"><font style=\"vertical-align: inherit;\">O nosso site pode ter links para sites externos que n\u00e3o s\u00e3o operados por n\u00f3s. <\/font><font style=\"vertical-align: inherit;\">Esteja ciente de que n\u00e3o temos controle sobre o conte\u00fado e pr\u00e1ticas desses sites e n\u00e3o podemos aceitar responsabilidade por suas&nbsp; <\/font><\/font><a href=\"https:\/\/politicaprivacidade.com\/\" target=\"_BLANK\"><font style=\"vertical-align: inherit;\"><font style=\"vertical-align: inherit;\">pol\u00edticas de privacidade<\/font><\/font><\/a><font style=\"vertical-align: inherit;\"><font style=\"vertical-align: inherit;\"> .<\/font><\/font><\/p>\n<p><font style=\"vertical-align: inherit;\"><font style=\"vertical-align: inherit;\">Voc\u00ea \u00e9 livre para recusar a nossa solicita\u00e7\u00e3o de informa\u00e7\u00f5es, entendendo que pode n\u00e3o fornecer alguns dos servi\u00e7os desejados.<\/font><\/font><\/p>\n<p><font style=\"vertical-align: inherit;\"><font style=\"vertical-align: inherit;\">O uso continuado de nosso site ser\u00e1 considerado como garantia de nossas pr\u00e1ticas em termos de privacidade e informa\u00e7\u00f5es pessoais. <\/font><font style=\"vertical-align: inherit;\">Se voc\u00ea tiver alguma d\u00favida sobre como lidar com dados do usu\u00e1rio e informa\u00e7\u00f5es pessoais, entre em contato conosco.<\/font><\/font><\/p>\n<h2><font style=\"vertical-align: inherit;\"><font style=\"vertical-align: inherit;\">Pol\u00edtica de Cookies Bombinhas Day Run<\/font><\/font><\/h2>\n<h3><font style=\"vertical-align: inherit;\"><font style=\"vertical-align: inherit;\">O que s\u00e3o biscoitos?<\/font><\/font><\/h3>\n<p><font style=\"vertical-align: inherit;\"><font style=\"vertical-align: inherit;\">Como \u00e9 pr\u00e1tica em quase todos os sites profissionais, este site usa cookies, que s\u00e3o pequenos arquivos baixos no seu computador, para melhorar sua experi\u00eancia. <\/font><font style=\"vertical-align: inherit;\">Esta p\u00e1gina descreve as informa\u00e7\u00f5es coletam como usamos e por que \u00e0s vezes sabemos que esses cookies. <\/font><font style=\"vertical-align: inherit;\">Tamb\u00e9m compartilharemos como voc\u00ea pode impedir que esses cookies sejam armazenados, no entanto, isso pode fazer o downgrade ou &#8216;quebrar&#8217; certos elementos da funcionalidade do site.<\/font><\/font><\/p>\n<h3><font style=\"vertical-align: inherit;\"><font style=\"vertical-align: inherit;\">Como usamos os cookies?<\/font><\/font><\/h3>\n<p><font style=\"vertical-align: inherit;\"><font style=\"vertical-align: inherit;\">Utilizamos cookies por v\u00e1rios motivos, detalhados abaixo. <\/font><font style=\"vertical-align: inherit;\">na maioria dos casos, n\u00e3o h\u00e1 op\u00e7\u00f5es padr\u00e3o do setor para desativar os cookies que eles definitivamente adicionam a funcionalidade e os recursos a este site. <\/font><font style=\"vertical-align: inherit;\">\u00c9 recomendado que voc\u00ea deixe todos os cookies se n\u00e3o tiver certeza se precisa ou n\u00e3o deles, sejam usados para fornecer um servi\u00e7o que voc\u00ea usa.<\/font><\/font><\/p>\n<h3><font style=\"vertical-align: inherit;\"><font style=\"vertical-align: inherit;\">Desativar cookies<\/font><\/font><\/h3>\n<p><font style=\"vertical-align: inherit;\"><font style=\"vertical-align: inherit;\">Voc\u00ea pode impedir a configura\u00e7\u00e3o de cookies ajustando as configura\u00e7\u00f5es do seu navegador (consulte a Ajuda do navegador para saber como fazer isso). <\/font><font style=\"vertical-align: inherit;\">Esteja ciente de que a desativa\u00e7\u00e3o de cookies ficou a funcionalidade deste e de muitos outros sites que voc\u00ea visita. <\/font><font style=\"vertical-align: inherit;\">A desativa\u00e7\u00e3o de cookies geralmente resulta na desativa\u00e7\u00e3o de funcionalidades e recursos deste site. <\/font><font style=\"vertical-align: inherit;\">Portanto, \u00e9 recomend\u00e1vel que voc\u00ea n\u00e3o tenha cookies ativos.<\/font><\/font><\/p>\n<h3><font style=\"vertical-align: inherit;\"><font style=\"vertical-align: inherit;\">Cookies que definimos<\/font><\/font><\/h3>\n<ul>\n<li><font style=\"vertical-align: inherit;\"><font style=\"vertical-align: inherit;\">Cookies relacionados \u00e0 conta\n<\/font><\/font><p><font style=\"vertical-align: inherit;\"><font style=\"vertical-align: inherit;\">Se voc\u00ea criar uma conta conosco, usaremos cookies para o gerenciamento do processo de inscri\u00e7\u00e3o e administra\u00e7\u00e3o geral. <\/font><font style=\"vertical-align: inherit;\">Esses cookies sempre ser\u00e3o removidos quando voc\u00ea fizer o seu site, por\u00e9m, em alguns casos eles poder\u00e3o permanecer por fora, quando sair\u00e1 seu site.<\/font><\/font><\/p>\n<\/li>\n<li><font style=\"vertical-align: inherit;\"><font style=\"vertical-align: inherit;\">Cookies relacionados ao login\n<\/font><\/font><p><font style=\"vertical-align: inherit;\"><font style=\"vertical-align: inherit;\">Utilizamos cookies quando est\u00e1 logado, para que voc\u00ea lembrou dessa a\u00e7\u00e3o. <\/font><font style=\"vertical-align: inherit;\">Isso evita que voc\u00ea precise fazer login sempre que visitar uma nova p\u00e1gina. <\/font><font style=\"vertical-align: inherit;\">Esses cookies s\u00e3o normalmente removidos ou limpos quando voc\u00ea efetua logout para garantir que voc\u00ea possa acessar recursos e \u00e1reas restritas ao apenas login.<\/font><\/font><\/p>\n<\/li>\n<li><font style=\"vertical-align: inherit;\"><font style=\"vertical-align: inherit;\">Cookies relacionados a boletins por e-mail\n<\/font><\/font><p>Este site oferece servi\u00e7os de assinatura de boletim informativo ou e-mail e os cookies podem ser usados para lembrar se voc\u00ea j\u00e1 est\u00e1 registrado e se deve mostrar determinadas notifica\u00e7\u00f5es v\u00e1lidas apenas para usu\u00e1rios inscritos \/ n\u00e3o inscritos.<\/p>\n<\/li>\n<li>Pedidos processando cookies relacionados\n<p>Este site oferece facilidades de com\u00e9rcio eletr\u00f4nico ou pagamento e alguns cookies s\u00e3o essenciais para garantir que seu pedido seja lembrado entre as p\u00e1ginas, para que possamos process\u00e1-lo adequadamente.<\/p>\n<\/li>\n<li>Cookies relacionados a pesquisas\n<p>Periodicamente, oferecemos pesquisas e question\u00e1rios para fornecer informa\u00e7\u00f5es interessantes, ferramentas \u00fateis ou para entender nossa base de usu\u00e1rios com mais precis\u00e3o. Essas pesquisas podem usar cookies para lembrar quem j\u00e1 participou numa pesquisa ou para fornecer resultados precisos ap\u00f3s a altera\u00e7\u00e3o das p\u00e1ginas.<\/p>\n<\/li>\n<li><font style=\"vertical-align: inherit;\"><font style=\"vertical-align: inherit;\">Cookies relacionados a formul\u00e1rios\n<\/font><\/font><p><font style=\"vertical-align: inherit;\"><font style=\"vertical-align: inherit;\">Quando voc\u00ea envia por meio de um formul\u00e1rio como os encontrados nas p\u00e1ginas de contato ou nos formul\u00e1rios de coment\u00e1rios, os cookies podem ser configurados para lembrar os detalhes do usu\u00e1rio para correspond\u00eancia futura.<\/font><\/font><\/p>\n<\/li>\n<li><font style=\"vertical-align: inherit;\"><font style=\"vertical-align: inherit;\">Cookies do site\n<\/font><\/font><p><font style=\"vertical-align: inherit;\"><font style=\"vertical-align: inherit;\">Para fornecer uma \u00f3tima experi\u00eancia neste site, que foi constru\u00eddo para ser configurado como esse site \u00e9 cumprido quando voc\u00ea o usa. <\/font><font style=\"vertical-align: inherit;\">Para sua p\u00e1gina, precisaremos definir os cookies para que voc\u00ea interaja com a sua configura\u00e7\u00e3o.<\/font><\/font><\/p><\/li>\n<\/ul>\n<h3><font style=\"vertical-align: inherit;\"><font style=\"vertical-align: inherit;\">Cookies de Terceiros<\/font><\/font><\/h3>\n<p><font style=\"vertical-align: inherit;\"><font style=\"vertical-align: inherit;\">Alguns casos, tamb\u00e9m usamos cookies fornecidos por alguns casos especiais. <\/font><font style=\"vertical-align: inherit;\">A se\u00e7\u00e3o a seguir detalha quais cookies de terceiros voc\u00ea pode encontrar atrav\u00e9s deste site.<\/font><\/font><\/p>\n<ul>\n<li><font style=\"vertical-align: inherit;\"><font style=\"vertical-align: inherit;\">Usa o Google Analytics, que \u00e9 uma solu\u00e7\u00e3o de an\u00e1lise mais difundidas e este seu site entender da Web, para ajudar como voc\u00ea pode melhorar o site e como podemos melhorar a experi\u00eancia. <\/font><font style=\"vertical-align: inherit;\">Esses itens de processamento de cookies como o tempo que voc\u00ea gasta no site e como visitas, para que possam continuar a fornecer conte\u00fado atraentes.<\/font><\/font><\/li>\n<\/ul>\n<p><font style=\"vertical-align: inherit;\"><font style=\"vertical-align: inherit;\">Para mais informa\u00e7\u00f5es sobre cookies do Google Analytics, consulte a p\u00e1gina oficial do Google Analytics.<\/font><\/font><\/p>\n<ul>\n<li><font style=\"vertical-align: inherit;\"><font style=\"vertical-align: inherit;\">As alternativas de uso s\u00e3o usadas para testar e medir o uso deste site. <\/font><font style=\"vertical-align: inherit;\">Esses cookies podem ajudar a melhorar o site para voc\u00ea.<\/font><\/font><\/li>\n<li><font style=\"vertical-align: inherit;\"><font style=\"vertical-align: inherit;\">Periodicamente, testamos novos recursos e fazemos altera\u00e7\u00f5es subtis na maneira como o site se apresenta. <\/font><font style=\"vertical-align: inherit;\">Quando ainda estamos testando novos, esses cookies podem ser usados para recursos garantidos que voc\u00ea torne uma experi\u00eancia consistente enquanto n\u00e3o estiver otimizando o site, enquanto entendemos os nossos usu\u00e1rios mais apreciam.<\/font><\/font><\/li>\n<li><font style=\"vertical-align: inherit;\"><font style=\"vertical-align: inherit;\">\u00c0 medida que vendemos produtos, \u00e9 importante entendermos como estat\u00edsticas sobre quantos visitantes de nosso site realmente compram e, portanto, esse \u00e9 o tipo de dados que esses cookies utilizam. <\/font><font style=\"vertical-align: inherit;\">Isso \u00e9 importante para voc\u00ea, pois significa que voc\u00ea pode fazer neg\u00f3cios com precis\u00e3o que nos permite analisar nossos custos de e produtos para garantir o melhor pre\u00e7o poss\u00edvel.<\/font><\/font><\/li>\n<li><font style=\"vertical-align: inherit;\"><font style=\"vertical-align: inherit;\">O servi\u00e7o Google AdSense que usamos para publicidade publicit\u00e1ria usa um cookie DoubleClick para veicular an\u00fancios mais relevantes em toda a Web e limitam o n\u00famero de vezes que um an\u00fancio \u00e9 exibido para voc\u00ea. <\/font><\/font><br><font style=\"vertical-align: inherit;\"><font style=\"vertical-align: inherit;\">Para mais informa\u00e7\u00f5es sobre o Google AdSense, consulte as FAQs oficiais sobre privacidade do Google AdSense.<\/font><\/font><\/li>\n<li><font style=\"vertical-align: inherit;\"><font style=\"vertical-align: inherit;\">Utilizamos an\u00fancios para compensar os custos de funcionamento deste site e fornecer financiamento para futuros desenvolvimentos. <\/font><font style=\"vertical-align: inherit;\">Os cookies de publicidade comportam-se como algo comportamental para garantir que voc\u00ea forne\u00e7a os seus an\u00fancios mais relevantes semper interesse, rastreando seus interesses e exibindo eventos que podem ser do seu interesse.<\/font><\/font><\/li>\n<li><font style=\"vertical-align: inherit;\"><font style=\"vertical-align: inherit;\">V\u00e1rios sites de rastreamento de nossos clientes permitidos para nossos parceiros, que convidam a nossos parceiros, que convidam nossos parceiros, a nossos parceiros, a nossos clientes, permitirem que nossos clientes acessem nossos parceiros, permitidos, nossos clientes afiliados atrav\u00e9s de cookies. qualquer promo\u00e7\u00e3o que pode fornec\u00ea-lo para fazer uma compra.<\/font><\/font><\/li>\n<\/ul>\n<h3><font style=\"vertical-align: inherit;\"><font style=\"vertical-align: inherit;\">Compromisso do Usu\u00e1rio<\/font><\/font><\/h3>\n<p><font style=\"vertical-align: inherit;\"><font style=\"vertical-align: inherit;\">O usu\u00e1rio se compromete a fazer uso adequado dos conte\u00fados e da informa\u00e7\u00e3o que o Bombinhas Day Run oferece no site e com car\u00e1ter enunciativo, mas n\u00e3o limitativo:<\/font><\/font><\/p>\n<ul>\n<li><font style=\"vertical-align: inherit;\"><font style=\"vertical-align: inherit;\">A) N\u00e3o se envolvam em atividades que sejam perigosas ou ilegais \u00e0 ordem p\u00fablica;<\/font><\/font><\/li>\n<li><font style=\"vertical-align: inherit;\"><font style=\"vertical-align: inherit;\">B) N\u00e3o difundir propaganda ou conte\u00fado de natureza racista, xenof\u00f3bica,&nbsp; <\/font><\/font><a href=\"https:\/\/ondeapostar.pt\/onde-da-a-bola\/\"><font style=\"vertical-align: inherit;\"><font style=\"vertical-align: inherit;\">Onde d\u00e1 a Bola<\/font><\/font><\/a><font style=\"vertical-align: inherit;\"><font style=\"vertical-align: inherit;\"> &nbsp;ou azar, qualquer tipo de pornografia ilegal, de apologia ao terrorismo ou contra os direitos humanos;<\/font><\/font><\/li>\n<li><font style=\"vertical-align: inherit;\"><font style=\"vertical-align: inherit;\">C) N\u00e3o danos sistemas f\u00edsicos (hardwares) e softwares (softwares) do Bombinhas Day Run, de seus fornecedores ou terceiros, para ou disseminar v\u00edrus inform\u00e1ticos ou quaisquer outros sistemas de hardware ou aos softwares que possam causar danos anteriormente mencionados.<\/font><\/font><\/li>\n<\/ul>\n<h3><font style=\"vertical-align: inherit;\"><font style=\"vertical-align: inherit;\">Mais informa\u00e7\u00f5es<\/font><\/font><\/h3>\n<p><font style=\"vertical-align: inherit;\"><font style=\"vertical-align: inherit;\">Se tivermos certeza de que os recursos s\u00e3o seguros e, caso mencionado anteriormente, se houver algo que voc\u00ea tenha certeza se precisa ou n\u00e3o, geralmente \u00e9 mais permitido ativar os cookies com um dos avisos, que voc\u00ea usa em nosso site.<\/font><\/font><\/p>\n<p><font style=\"vertical-align: inherit;\"><font style=\"vertical-align: inherit;\">Esta pol\u00edtica \u00e9 efetivada a partir de&nbsp; <\/font><\/font><strong><font style=\"vertical-align: inherit;\"><font style=\"vertical-align: inherit;\">junho<\/font><\/font><\/strong><font style=\"vertical-align: inherit;\"><font style=\"vertical-align: inherit;\"> \/ <\/font><\/font><strong><font style=\"vertical-align: inherit;\"><font style=\"vertical-align: inherit;\">2022<\/font><\/font><\/strong><\/p>\t\t\t\t\t\t<\/div>\n\t\t\t\t<\/div>\n\t\t\t\t\t<\/div>\n\t\t<\/div>\n\t\t\t\t\t\t\t<\/div>\n\t\t<\/section>\n\t\t\t\t\t\t\t<\/div>\n\t\t","protected":false},"excerpt":{"rendered":"<p>Pol\u00edtica de privacidade A sua privacidade \u00e9 importante para n\u00f3s. \u00c9 pol\u00edtica do Bombinhas Day Run respeitar a qualquer informa\u00e7\u00e3o sua que tenha privacidade no site&nbsp; Bombinhas Day Run e outros sites que possu\u00edmos e operamos. Solicitamos informa\u00e7\u00f5es pessoais apenas quando realmente precisamos fornecer um servi\u00e7o. Fazemo-lo por meios justos e legais, com o seu [&hellip;]<\/p>\n","protected":false},"author":1,"featured_media":0,"parent":0,"menu_order":0,"comment_status":"closed","ping_status":"closed","template":"elementor_canvas","meta":{"footnotes":""},"class_list":["post-176","page","type-page","status-publish","hentry","entry"],"_links":{"self":[{"href":"https:\/\/bombinhasdayrun.com.br\/index.php\/wp-json\/wp\/v2\/pages\/176","targetHints":{"allow":["GET"]}}],"collection":[{"href":"https:\/\/bombinhasdayrun.com.br\/index.php\/wp-json\/wp\/v2\/pages"}],"about":[{"href":"https:\/\/bombinhasdayrun.com.br\/index.php\/wp-json\/wp\/v2\/types\/page"}],"author":[{"embeddable":true,"href":"https:\/\/bombinhasdayrun.com.br\/index.php\/wp-json\/wp\/v2\/users\/1"}],"replies":[{"embeddable":true,"href":"https:\/\/bombinhasdayrun.com.br\/index.php\/wp-json\/wp\/v2\/comments?post=176"}],"version-history":[{"count":5,"href":"https:\/\/bombinhasdayrun.com.br\/index.php\/wp-json\/wp\/v2\/pages\/176\/revisions"}],"predecessor-version":[{"id":181,"href":"https:\/\/bombinhasdayrun.com.br\/index.php\/wp-json\/wp\/v2\/pages\/176\/revisions\/181"}],"wp:attachment":[{"href":"https:\/\/bombinhasdayrun.com.br\/index.php\/wp-json\/wp\/v2\/media?parent=176"}],"curies":[{"name":"wp","href":"https:\/\/api.w.org\/{rel}","templated":true}]}}